{"id":199,"date":"2024-02-08T05:53:09","date_gmt":"2024-02-08T05:53:09","guid":{"rendered":"http:\/\/localhost\/brouwer\/?page_id=199"},"modified":"2025-10-01T19:17:29","modified_gmt":"2025-10-01T19:17:29","slug":"contact","status":"publish","type":"page","link":"https:\/\/brouwer-urk.nl\/de\/contact\/","title":{"rendered":"Kontakt"},"content":{"rendered":"<div data-elementor-type=\"wp-page\" data-elementor-id=\"199\" class=\"elementor elementor-199\" data-elementor-post-type=\"page\">\n\t\t\t\t<div class=\"elementor-element elementor-element-5dc62c8 elementor-hidden-desktop elementor-hidden-tablet elementor-hidden-widescreen elementor-hidden-laptop e-flex e-con-boxed e-con e-parent\" data-id=\"5dc62c8\" data-element_type=\"container\" data-e-type=\"container\" data-settings=\"{&quot;background_background&quot;:&quot;classic&quot;}\">\n\t\t\t\t\t<div class=\"e-con-inner\">\n\t\t\t\t<div class=\"elementor-element elementor-element-019c371 elementor-widget__width-initial elementor-widget elementor-widget-heading\" data-id=\"019c371\" data-element_type=\"widget\" data-e-type=\"widget\" data-widget_type=\"heading.default\">\n\t\t\t\t<div class=\"elementor-widget-container\">\n\t\t\t\t\t<h2 class=\"elementor-heading-title elementor-size-default\">Kontakt<\/h2>\t\t\t\t<\/div>\n\t\t\t\t<\/div>\n\t\t\t\t\t<\/div>\n\t\t\t\t<\/div>\n\t\t<div class=\"elementor-element elementor-element-00d1ff4 elementor-hidden-mobile e-flex e-con-boxed e-con e-parent\" data-id=\"00d1ff4\" data-element_type=\"container\" data-e-type=\"container\" data-settings=\"{&quot;background_background&quot;:&quot;classic&quot;}\">\n\t\t\t\t\t<div class=\"e-con-inner\">\n\t\t\t\t<div class=\"elementor-element elementor-element-f88c04f color-change elementor-widget__width-initial elementor-widget elementor-widget-heading\" data-id=\"f88c04f\" data-element_type=\"widget\" data-e-type=\"widget\" data-widget_type=\"heading.default\">\n\t\t\t\t<div class=\"elementor-widget-container\">\n\t\t\t\t\t<h2 class=\"elementor-heading-title elementor-size-default\">Kontakt<\/h2>\t\t\t\t<\/div>\n\t\t\t\t<\/div>\n\t\t\t\t\t<\/div>\n\t\t\t\t<\/div>\n\t\t<div class=\"elementor-element elementor-element-ee8b254 e-flex e-con-boxed e-con e-parent\" data-id=\"ee8b254\" data-element_type=\"container\" data-e-type=\"container\" data-settings=\"{&quot;background_background&quot;:&quot;gradient&quot;}\">\n\t\t\t\t\t<div class=\"e-con-inner\">\n\t\t\t\t<div class=\"elementor-element elementor-element-fd45f5b elementor-widget elementor-widget-heading\" data-id=\"fd45f5b\" data-element_type=\"widget\" data-e-type=\"widget\" data-widget_type=\"heading.default\">\n\t\t\t\t<div class=\"elementor-widget-container\">\n\t\t\t\t\t<h5 class=\"elementor-heading-title elementor-size-default\">Unsere engagierten Mitarbeiter tragen t\u00e4glich ma\u00dfgeblich zur p\u00fcnktlichen Lieferung Ihrer Transporte bei<\/h5>\t\t\t\t<\/div>\n\t\t\t\t<\/div>\n\t\t\t\t\t<\/div>\n\t\t\t\t<\/div>\n\t\t<div class=\"elementor-element elementor-element-c32c056 e-flex e-con-boxed e-con e-parent\" data-id=\"c32c056\" data-element_type=\"container\" data-e-type=\"container\" data-settings=\"{&quot;background_background&quot;:&quot;classic&quot;}\">\n\t\t\t\t\t<div class=\"e-con-inner\">\n\t\t\t\t<div class=\"elementor-element elementor-element-3708035 elementor-widget__width-inherit elementor-widget elementor-widget-heading\" data-id=\"3708035\" data-element_type=\"widget\" data-e-type=\"widget\" data-widget_type=\"heading.default\">\n\t\t\t\t<div class=\"elementor-widget-container\">\n\t\t\t\t\t<h2 class=\"elementor-heading-title elementor-size-default\">\n<span style=\"color:#E31E26\">Unser <\/span> team<\/h2>\t\t\t\t<\/div>\n\t\t\t\t<\/div>\n\t\t\t\t<div class=\"elementor-element elementor-element-995dcec elementor-widget-mobile__width-inherit elementor-widget elementor-widget-text-editor\" data-id=\"995dcec\" data-element_type=\"widget\" data-e-type=\"widget\" data-widget_type=\"text-editor.default\">\n\t\t\t\t<div class=\"elementor-widget-container\">\n\t\t\t\t\t\t\t\t\t<p>Es erfordert viel, jeden Tag Ihre Sendungen p\u00fcnktlich ans Ziel zu bringen. Das wichtigste Bindeglied dabei sind unsere Mitarbeiter. Motivierte Menschen mit einer Leidenschaft f\u00fcr den Transport. Wir sind stolz auf die Menschen, die jeden Tag unseren wunderbaren Dienst leisten.<\/p>\t\t\t\t\t\t\t\t<\/div>\n\t\t\t\t<\/div>\n\t\t\t\t\t<\/div>\n\t\t\t\t<\/div>\n\t\t<div class=\"elementor-element elementor-element-e892667 e-flex e-con-boxed e-con e-parent\" data-id=\"e892667\" data-element_type=\"container\" data-e-type=\"container\" data-settings=\"{&quot;background_background&quot;:&quot;classic&quot;}\">\n\t\t\t\t\t<div class=\"e-con-inner\">\n\t\t\t\t<div class=\"elementor-element elementor-element-c7f49d9 elementor-widget elementor-widget-jet-listing-grid\" data-id=\"c7f49d9\" data-element_type=\"widget\" data-e-type=\"widget\" data-settings=\"{&quot;columns&quot;:&quot;3&quot;,&quot;columns_tablet&quot;:&quot;2&quot;,&quot;columns_mobile&quot;:&quot;1&quot;}\" data-widget_type=\"jet-listing-grid.default\">\n\t\t\t\t<div class=\"elementor-widget-container\">\n\t\t\t\t\t<div class=\"jet-listing-grid jet-listing-grid--lazy-load jet-listing jet-listing-grid-loading\" data-lazy-load=\"{&quot;offset&quot;:&quot;0px&quot;,&quot;post_id&quot;:199,&quot;queried_id&quot;:&quot;199|WP_Post&quot;}\"><div class=\"jet-listing-grid__loader\"><div class=\"jet-listing-grid__loader-spinner\"><\/div><\/div><\/div>\t\t\t\t<\/div>\n\t\t\t\t<\/div>\n\t\t\t\t\t<\/div>\n\t\t\t\t<\/div>\n\t\t\t\t<\/div>","protected":false},"excerpt":{"rendered":"<p>Contact Contact Ons toegewijde personeel speelt een essenti\u00eble rol bij het dagelijks tijdig bezorgen van uw transporten Ons team Om uw zendingen iedere dag weer op tijd op plaats van bestemming te krijgen is veel nodig. De belangrijkste schakel daarvan is ons personeel. Gedreven mensen met een passie voor transport. We zijn trots op de [&hellip;]<\/p>\n","protected":false},"author":1,"featured_media":0,"parent":0,"menu_order":0,"comment_status":"closed","ping_status":"closed","template":"elementor_header_footer","meta":{"_monsterinsights_skip_tracking":false,"_monsterinsights_sitenote_active":false,"_monsterinsights_sitenote_note":"","_monsterinsights_sitenote_category":0,"footnotes":""},"class_list":["post-199","page","type-page","status-publish","hentry"],"yoast_head":"<!-- This site is optimized with the Yoast SEO plugin v27.3 - https:\/\/yoast.com\/product\/yoast-seo-wordpress\/ -->\n<title>Contact - BROUWER URK INT. TRANSPORT<\/title>\n<meta name=\"robots\" content=\"index, follow, max-snippet:-1, max-image-preview:large, max-video-preview:-1\" \/>\n<link rel=\"canonical\" href=\"https:\/\/brouwer-urk.nl\/de\/contact\/\" \/>\n<meta property=\"og:locale\" content=\"de_DE\" \/>\n<meta property=\"og:type\" content=\"article\" \/>\n<meta property=\"og:title\" content=\"Contact - BROUWER URK INT. TRANSPORT\" \/>\n<meta property=\"og:description\" content=\"Contact Contact Ons toegewijde personeel speelt een essenti\u00eble rol bij het dagelijks tijdig bezorgen van uw transporten Ons team Om uw zendingen iedere dag weer op tijd op plaats van bestemming te krijgen is veel nodig. De belangrijkste schakel daarvan is ons personeel. Gedreven mensen met een passie voor transport. We zijn trots op de [&hellip;]\" \/>\n<meta property=\"og:url\" content=\"https:\/\/brouwer-urk.nl\/de\/contact\/\" \/>\n<meta property=\"og:site_name\" content=\"BROUWER URK INT. TRANSPORT\" \/>\n<meta property=\"article:publisher\" content=\"https:\/\/www.facebook.com\/BrouwerTransportUrk\" \/>\n<meta property=\"article:modified_time\" content=\"2025-10-01T19:17:29+00:00\" \/>\n<meta property=\"og:image\" content=\"https:\/\/brouwer-urk.nl\/wp-content\/uploads\/2024\/02\/20230801_133723-1.jpg\" \/>\n\t<meta property=\"og:image:width\" content=\"1495\" \/>\n\t<meta property=\"og:image:height\" content=\"771\" \/>\n\t<meta property=\"og:image:type\" content=\"image\/jpeg\" \/>\n<meta name=\"twitter:card\" content=\"summary_large_image\" \/>\n<meta name=\"twitter:label1\" content=\"Gesch\u00e4tzte Lesezeit\" \/>\n\t<meta name=\"twitter:data1\" content=\"6\u00a0Minuten\" \/>\n<script type=\"application\/ld+json\" class=\"yoast-schema-graph\">{\"@context\":\"https:\\\/\\\/schema.org\",\"@graph\":[{\"@type\":\"WebPage\",\"@id\":\"https:\\\/\\\/brouwer-urk.nl\\\/contact\\\/\",\"url\":\"https:\\\/\\\/brouwer-urk.nl\\\/contact\\\/\",\"name\":\"Contact - BROUWER URK INT. TRANSPORT\",\"isPartOf\":{\"@id\":\"https:\\\/\\\/brouwer-urk.nl\\\/#website\"},\"datePublished\":\"2024-02-08T05:53:09+00:00\",\"dateModified\":\"2025-10-01T19:17:29+00:00\",\"breadcrumb\":{\"@id\":\"https:\\\/\\\/brouwer-urk.nl\\\/contact\\\/#breadcrumb\"},\"inLanguage\":\"de\",\"potentialAction\":[{\"@type\":\"ReadAction\",\"target\":[\"https:\\\/\\\/brouwer-urk.nl\\\/contact\\\/\"]}]},{\"@type\":\"BreadcrumbList\",\"@id\":\"https:\\\/\\\/brouwer-urk.nl\\\/contact\\\/#breadcrumb\",\"itemListElement\":[{\"@type\":\"ListItem\",\"position\":1,\"name\":\"Home\",\"item\":\"https:\\\/\\\/brouwer-urk.nl\\\/\"},{\"@type\":\"ListItem\",\"position\":2,\"name\":\"Contact\"}]},{\"@type\":\"WebSite\",\"@id\":\"https:\\\/\\\/brouwer-urk.nl\\\/#website\",\"url\":\"https:\\\/\\\/brouwer-urk.nl\\\/\",\"name\":\"BROUWER URK INT. TRANSPORT\",\"description\":\"\",\"publisher\":{\"@id\":\"https:\\\/\\\/brouwer-urk.nl\\\/#organization\"},\"alternateName\":\"Brouwer Transport\",\"potentialAction\":[{\"@type\":\"SearchAction\",\"target\":{\"@type\":\"EntryPoint\",\"urlTemplate\":\"https:\\\/\\\/brouwer-urk.nl\\\/?s={search_term_string}\"},\"query-input\":{\"@type\":\"PropertyValueSpecification\",\"valueRequired\":true,\"valueName\":\"search_term_string\"}}],\"inLanguage\":\"de\"},{\"@type\":\"Organization\",\"@id\":\"https:\\\/\\\/brouwer-urk.nl\\\/#organization\",\"name\":\"BROUWER URK INT. TRANSPORT\",\"alternateName\":\"Brouwer Transport\",\"url\":\"https:\\\/\\\/brouwer-urk.nl\\\/\",\"logo\":{\"@type\":\"ImageObject\",\"inLanguage\":\"de\",\"@id\":\"https:\\\/\\\/brouwer-urk.nl\\\/#\\\/schema\\\/logo\\\/image\\\/\",\"url\":\"https:\\\/\\\/brouwer-urk.nl\\\/wp-content\\\/uploads\\\/2024\\\/01\\\/Image-34.png\",\"contentUrl\":\"https:\\\/\\\/brouwer-urk.nl\\\/wp-content\\\/uploads\\\/2024\\\/01\\\/Image-34.png\",\"width\":898,\"height\":276,\"caption\":\"BROUWER URK INT. TRANSPORT\"},\"image\":{\"@id\":\"https:\\\/\\\/brouwer-urk.nl\\\/#\\\/schema\\\/logo\\\/image\\\/\"},\"sameAs\":[\"https:\\\/\\\/www.facebook.com\\\/BrouwerTransportUrk\",\"https:\\\/\\\/www.instagram.com\\\/brouwertransporturk\\\/\",\"https:\\\/\\\/www.linkedin.com\\\/company\\\/brouwer-urk-internationaal-transport-b.v.\"]}]}<\/script>\n<!-- \/ Yoast SEO plugin. -->","yoast_head_json":{"title":"Kontakt - BROUWER URK INT. TRANSPORT","robots":{"index":"index","follow":"follow","max-snippet":"max-snippet:-1","max-image-preview":"max-image-preview:large","max-video-preview":"max-video-preview:-1"},"canonical":"https:\/\/brouwer-urk.nl\/de\/contact\/","og_locale":"de_DE","og_type":"article","og_title":"Contact - BROUWER URK INT. TRANSPORT","og_description":"Contact Contact Ons toegewijde personeel speelt een essenti\u00eble rol bij het dagelijks tijdig bezorgen van uw transporten Ons team Om uw zendingen iedere dag weer op tijd op plaats van bestemming te krijgen is veel nodig. De belangrijkste schakel daarvan is ons personeel. Gedreven mensen met een passie voor transport. We zijn trots op de [&hellip;]","og_url":"https:\/\/brouwer-urk.nl\/de\/contact\/","og_site_name":"BROUWER URK INT. TRANSPORT","article_publisher":"https:\/\/www.facebook.com\/BrouwerTransportUrk","article_modified_time":"2025-10-01T19:17:29+00:00","og_image":[{"width":1495,"height":771,"url":"https:\/\/brouwer-urk.nl\/wp-content\/uploads\/2024\/02\/20230801_133723-1.jpg","type":"image\/jpeg"}],"twitter_card":"summary_large_image","twitter_misc":{"Gesch\u00e4tzte Lesezeit":"6\u00a0Minuten"},"schema":{"@context":"https:\/\/schema.org","@graph":[{"@type":"WebPage","@id":"https:\/\/brouwer-urk.nl\/contact\/","url":"https:\/\/brouwer-urk.nl\/contact\/","name":"Kontakt - BROUWER URK INT. TRANSPORT","isPartOf":{"@id":"https:\/\/brouwer-urk.nl\/#website"},"datePublished":"2024-02-08T05:53:09+00:00","dateModified":"2025-10-01T19:17:29+00:00","breadcrumb":{"@id":"https:\/\/brouwer-urk.nl\/contact\/#breadcrumb"},"inLanguage":"de","potentialAction":[{"@type":"ReadAction","target":["https:\/\/brouwer-urk.nl\/contact\/"]}]},{"@type":"BreadcrumbList","@id":"https:\/\/brouwer-urk.nl\/contact\/#breadcrumb","itemListElement":[{"@type":"ListItem","position":1,"name":"Home","item":"https:\/\/brouwer-urk.nl\/"},{"@type":"ListItem","position":2,"name":"Contact"}]},{"@type":"WebSite","@id":"https:\/\/brouwer-urk.nl\/#website","url":"https:\/\/brouwer-urk.nl\/","name":"BROUWER URK INT. TRANSPORT","description":"","publisher":{"@id":"https:\/\/brouwer-urk.nl\/#organization"},"alternateName":"Brouwer Transport","potentialAction":[{"@type":"SearchAction","target":{"@type":"EntryPoint","urlTemplate":"https:\/\/brouwer-urk.nl\/?s={search_term_string}"},"query-input":{"@type":"PropertyValueSpecification","valueRequired":true,"valueName":"search_term_string"}}],"inLanguage":"de"},{"@type":"Organization","@id":"https:\/\/brouwer-urk.nl\/#organization","name":"BROUWER URK INT. TRANSPORT","alternateName":"Brouwer Transport","url":"https:\/\/brouwer-urk.nl\/","logo":{"@type":"ImageObject","inLanguage":"de","@id":"https:\/\/brouwer-urk.nl\/#\/schema\/logo\/image\/","url":"https:\/\/brouwer-urk.nl\/wp-content\/uploads\/2024\/01\/Image-34.png","contentUrl":"https:\/\/brouwer-urk.nl\/wp-content\/uploads\/2024\/01\/Image-34.png","width":898,"height":276,"caption":"BROUWER URK INT. TRANSPORT"},"image":{"@id":"https:\/\/brouwer-urk.nl\/#\/schema\/logo\/image\/"},"sameAs":["https:\/\/www.facebook.com\/BrouwerTransportUrk","https:\/\/www.instagram.com\/brouwertransporturk\/","https:\/\/www.linkedin.com\/company\/brouwer-urk-internationaal-transport-b.v."]}]}},"_links":{"self":[{"href":"https:\/\/brouwer-urk.nl\/de\/wp-json\/wp\/v2\/pages\/199","targetHints":{"allow":["GET"]}}],"collection":[{"href":"https:\/\/brouwer-urk.nl\/de\/wp-json\/wp\/v2\/pages"}],"about":[{"href":"https:\/\/brouwer-urk.nl\/de\/wp-json\/wp\/v2\/types\/page"}],"author":[{"embeddable":true,"href":"https:\/\/brouwer-urk.nl\/de\/wp-json\/wp\/v2\/users\/1"}],"replies":[{"embeddable":true,"href":"https:\/\/brouwer-urk.nl\/de\/wp-json\/wp\/v2\/comments?post=199"}],"version-history":[{"count":220,"href":"https:\/\/brouwer-urk.nl\/de\/wp-json\/wp\/v2\/pages\/199\/revisions"}],"predecessor-version":[{"id":2241,"href":"https:\/\/brouwer-urk.nl\/de\/wp-json\/wp\/v2\/pages\/199\/revisions\/2241"}],"wp:attachment":[{"href":"https:\/\/brouwer-urk.nl\/de\/wp-json\/wp\/v2\/media?parent=199"}],"curies":[{"name":"wp","href":"https:\/\/api.w.org\/{rel}","templated":true}]}}